{"id":96,"date":"2025-11-02T21:08:23","date_gmt":"2025-11-02T20:08:23","guid":{"rendered":"https:\/\/www.terapiehanka.cz\/?page_id=96"},"modified":"2025-12-12T07:40:29","modified_gmt":"2025-12-12T06:40:29","slug":"terapiehanka-cz-cenik","status":"publish","type":"page","link":"https:\/\/www.terapiehanka.cz\/?page_id=96","title":{"rendered":"Cen\u00edk a podm\u00ednky"},"content":{"rendered":"\n<div class=\"wp-block-group has-global-padding is-layout-constrained wp-container-core-group-is-layout-d598ad9d wp-block-group-is-layout-constrained\">\n<h2 class=\"wp-block-heading has-text-align-left has-primary-color has-text-color has-superbfont-xxsmall-font-size\" style=\"font-style:normal;font-weight:700;letter-spacing:5px;text-transform:uppercase\">platnost od 1. PROSINCE 2025<\/h2>\n\n\n\n<h3 class=\"wp-block-heading has-text-align-left has-contrast-color has-text-color has-superbfont-xlarge-font-size\"><\/h3>\n\n\n\n<div class=\"wp-block-group is-nowrap is-layout-flex wp-container-core-group-is-layout-6c531013 wp-block-group-is-layout-flex\"><\/div>\n\n\n\n<p>Psychologick\u00e9 poradenstv\u00ed&#8230;&#8230;&#8230;&#8230;&#8230;..1 200 K\u010d<\/p>\n\n\n\n<p>Psychologick\u00e9 poradenstv\u00ed online&#8230;&#8230;..900 K\u010d<\/p>\n\n\n\n<p>Individu\u00e1ln\u00ed terapie&#8230;&#8230;&#8230;&#8230;&#8230;&#8230;&#8230;&#8230;&#8230;&#8230;.1 200 K\u010d<\/p>\n\n\n\n<p>Individu\u00e1ln\u00ed terapie online&#8230;&#8230;&#8230;&#8230;&#8230;&#8230;&#8230;.900 K\u010d<\/p>\n\n\n\n<p>Firemn\u00ed vzd\u011bl\u00e1v\u00e1n\u00ed&#8230;&#8230;&#8230;&#8230;&#8230;&#8230;&#8230;&#8230;&#8230;&#8230;..individu\u00e1ln\u011b podle domluvy<\/p>\n\n\n\n<div class=\"wp-block-group is-nowrap is-layout-flex wp-container-core-group-is-layout-6c531013 wp-block-group-is-layout-flex\"><\/div>\n\n\n\n<p><\/p>\n\n\n\n<p>D\u00e9lka sezen\u00ed je 50 minut.<\/p>\n\n\n\n<div class=\"wp-block-group is-nowrap is-layout-flex wp-container-core-group-is-layout-6c531013 wp-block-group-is-layout-flex\"><\/div>\n\n\n\n<p class=\"has-text-align-left has-secondary-color has-text-color has-superbfont-small-font-size\">Psychologick\u00e9 poradenstv\u00ed a terapie jsou poskytov\u00e1ny mimo oblast ve\u0159ejn\u00e9ho zdravotn\u00edho poji\u0161t\u011bn\u00ed. Sezen\u00ed je mo\u017en\u00e9 uskute\u010dnit jak osobn\u011b, tak i v online prost\u0159ed\u00ed. <br><br>Pokud se nem\u016f\u017eete dostavit na domluven\u00e9 sezen\u00ed, co nejd\u0159\u00edve m\u011b pros\u00edm kontaktujte a spole\u010dn\u011b najdeme term\u00edn n\u00e1hradn\u00ed. Sjednan\u00fd term\u00edn je z\u00e1vazn\u00fd a p\u0159i neomluven\u00e9 absenci alespo\u0148 24 hodin p\u0159edem je \u00fa\u010dtov\u00e1n storno poplatek za sezen\u00ed v pln\u00e9 v\u00fd\u0161i.<\/p>\n\n\n\n<div class=\"wp-block-group is-nowrap is-layout-flex wp-container-core-group-is-layout-6c531013 wp-block-group-is-layout-flex\"><\/div>\n\n\n\n<p class=\"has-text-align-left has-secondary-color has-text-color has-superbfont-small-font-size\">Mgr. Hana Hetlinger<br>I\u010c 11842814<br>\u010d. \u00fa. 2110669935\/2700<\/p>\n<\/div>\n\n\n\n<p><\/p>\n\n\n\n<div class=\"wp-block-group has-global-padding is-layout-constrained wp-container-core-group-is-layout-d598ad9d wp-block-group-is-layout-constrained\">\n<div class=\"wp-block-group has-base-background-color has-background is-nowrap is-layout-flex wp-container-core-group-is-layout-542cf22d wp-block-group-is-layout-flex\" style=\"border-style:none;border-width:0px;border-radius:0px;padding-top:0;padding-right:0;padding-bottom:0;padding-left:0\">\n<figure class=\"wp-block-image aligncenter size-large is-resized\"><img decoding=\"async\" src=\"https:\/\/www.terapiehanka.cz\/wp-content\/uploads\/2025\/11\/icon-email.png\" alt=\"\" style=\"width:32px;height:32px\"\/><\/figure>\n\n\n\n<p class=\"has-superbfont-small-font-size\"><a href=\"mailto:objednani@terapiehanka.cz\">objednani@terapiehanka.cz<\/a><\/p>\n<\/div>\n\n\n\n<div class=\"wp-block-group has-base-background-color has-background is-nowrap is-layout-flex wp-container-core-group-is-layout-542cf22d wp-block-group-is-layout-flex\" style=\"border-style:none;border-width:0px;border-radius:0px;padding-top:0;padding-right:0;padding-bottom:0;padding-left:0\">\n<figure class=\"wp-block-image aligncenter size-large is-resized\"><img decoding=\"async\" src=\"https:\/\/www.terapiehanka.cz\/wp-content\/uploads\/2025\/11\/icon-phone-call.png\" alt=\"\" style=\"width:32px;height:32px\"\/><\/figure>\n\n\n\n<p class=\"has-superbfont-small-font-size\">+420 606 618 752<\/p>\n<\/div>\n\n\n\n<div class=\"wp-block-group has-base-background-color has-background is-nowrap is-layout-flex wp-container-core-group-is-layout-1350ce0e wp-block-group-is-layout-flex\" style=\"border-style:none;border-width:0px;border-radius:0px;padding-top:0;padding-right:0;padding-bottom:0;padding-left:0\">\n<figure class=\"wp-block-image aligncenter size-large is-resized\"><img decoding=\"async\" src=\"https:\/\/www.terapiehanka.cz\/wp-content\/uploads\/2025\/11\/icon-push-pin-simple.png\" alt=\"\" style=\"width:32px;height:32px\"\/><\/figure>\n\n\n\n<p class=\"has-superbfont-small-font-size\"><a href=\"https:\/\/mapy.com\/cs\/turisticka?source=addr&amp;id=8943440&amp;ds=1&amp;x=14.4578268&amp;y=50.0864625&amp;z=17\">Terapeutovna \u00dasm\u011bv m\u00e1my, z.s.<br>Blahoslavova 227\/2<br>Praha 3 &#8211; \u017di\u017ekov, 130 00<\/a><br><\/p>\n<\/div>\n<\/div>\n\n\n\n<p><\/p>\n","protected":false},"excerpt":{"rendered":"<p>platnost od 1. PROSINCE 2025 Psychologick\u00e9 poradenstv\u00ed&#8230;&#8230;&#8230;&#8230;&#8230;..1 200 K\u010d Psychologick\u00e9 poradenstv\u00ed online&#8230;&#8230;..900 K\u010d Individu\u00e1ln\u00ed terapie&#8230;&#8230;&#8230;&#8230;&#8230;&#8230;&#8230;&#8230;&#8230;&#8230;.1 200 K\u010d Individu\u00e1ln\u00ed terapie online&#8230;&#8230;&#8230;&#8230;&#8230;&#8230;&#8230;.900 K\u010d Firemn\u00ed vzd\u011bl\u00e1v\u00e1n\u00ed&#8230;&#8230;&#8230;&#8230;&#8230;&#8230;&#8230;&#8230;&#8230;&#8230;..individu\u00e1ln\u011b podle domluvy D\u00e9lka sezen\u00ed je 50 minut. Psychologick\u00e9 poradenstv\u00ed a terapie jsou poskytov\u00e1ny mimo oblast ve\u0159ejn\u00e9ho zdravotn\u00edho poji\u0161t\u011bn\u00ed. Sezen\u00ed je mo\u017en\u00e9 uskute\u010dnit jak osobn\u011b, tak i v online prost\u0159ed\u00ed. Pokud se nem\u016f\u017eete [&hellip;]<\/p>\n","protected":false},"author":1,"featured_media":0,"parent":0,"menu_order":0,"comment_status":"closed","ping_status":"closed","template":"","meta":{"footnotes":""},"class_list":["post-96","page","type-page","status-publish","hentry"],"yoast_head":"<!-- This site is optimized with the Yoast SEO plugin v26.5 - https:\/\/yoast.com\/wordpress\/plugins\/seo\/ -->\n<title>Cen\u00edk a podm\u00ednky - Psychologick\u00e9 poradenstv\u00ed a terapie<\/title>\n<meta name=\"robots\" content=\"index, follow, max-snippet:-1, max-image-preview:large, max-video-preview:-1\" \/>\n<link rel=\"canonical\" href=\"https:\/\/www.terapiehanka.cz\/?page_id=96\" \/>\n<meta property=\"og:locale\" content=\"cs_CZ\" \/>\n<meta property=\"og:type\" content=\"article\" \/>\n<meta property=\"og:title\" content=\"Cen\u00edk a podm\u00ednky - Psychologick\u00e9 poradenstv\u00ed a terapie\" \/>\n<meta property=\"og:description\" content=\"platnost od 1. PROSINCE 2025 Psychologick\u00e9 poradenstv\u00ed&#8230;&#8230;&#8230;&#8230;&#8230;..1 200 K\u010d Psychologick\u00e9 poradenstv\u00ed online&#8230;&#8230;..900 K\u010d Individu\u00e1ln\u00ed terapie&#8230;&#8230;&#8230;&#8230;&#8230;&#8230;&#8230;&#8230;&#8230;&#8230;.1 200 K\u010d Individu\u00e1ln\u00ed terapie online&#8230;&#8230;&#8230;&#8230;&#8230;&#8230;&#8230;.900 K\u010d Firemn\u00ed vzd\u011bl\u00e1v\u00e1n\u00ed&#8230;&#8230;&#8230;&#8230;&#8230;&#8230;&#8230;&#8230;&#8230;&#8230;..individu\u00e1ln\u011b podle domluvy D\u00e9lka sezen\u00ed je 50 minut. Psychologick\u00e9 poradenstv\u00ed a terapie jsou poskytov\u00e1ny mimo oblast ve\u0159ejn\u00e9ho zdravotn\u00edho poji\u0161t\u011bn\u00ed. Sezen\u00ed je mo\u017en\u00e9 uskute\u010dnit jak osobn\u011b, tak i v online prost\u0159ed\u00ed. Pokud se nem\u016f\u017eete [&hellip;]\" \/>\n<meta property=\"og:url\" content=\"https:\/\/www.terapiehanka.cz\/?page_id=96\" \/>\n<meta property=\"og:site_name\" content=\"Psychologick\u00e9 poradenstv\u00ed a terapie\" \/>\n<meta property=\"article:modified_time\" content=\"2025-12-12T06:40:29+00:00\" \/>\n<meta property=\"og:image\" content=\"https:\/\/www.terapiehanka.cz\/wp-content\/uploads\/2025\/11\/icon-email.png\" \/>\n<meta name=\"twitter:card\" content=\"summary_large_image\" \/>\n<meta name=\"twitter:label1\" content=\"Odhadovan\u00e1 doba \u010dten\u00ed\" \/>\n\t<meta name=\"twitter:data1\" content=\"1 minuta\" \/>\n<script type=\"application\/ld+json\" class=\"yoast-schema-graph\">{\"@context\":\"https:\/\/schema.org\",\"@graph\":[{\"@type\":\"WebPage\",\"@id\":\"https:\/\/www.terapiehanka.cz\/?page_id=96\",\"url\":\"https:\/\/www.terapiehanka.cz\/?page_id=96\",\"name\":\"Cen\u00edk a podm\u00ednky - Psychologick\u00e9 poradenstv\u00ed a terapie\",\"isPartOf\":{\"@id\":\"https:\/\/www.terapiehanka.cz\/#website\"},\"primaryImageOfPage\":{\"@id\":\"https:\/\/www.terapiehanka.cz\/?page_id=96#primaryimage\"},\"image\":{\"@id\":\"https:\/\/www.terapiehanka.cz\/?page_id=96#primaryimage\"},\"thumbnailUrl\":\"https:\/\/www.terapiehanka.cz\/wp-content\/uploads\/2025\/11\/icon-email.png\",\"datePublished\":\"2025-11-02T20:08:23+00:00\",\"dateModified\":\"2025-12-12T06:40:29+00:00\",\"breadcrumb\":{\"@id\":\"https:\/\/www.terapiehanka.cz\/?page_id=96#breadcrumb\"},\"inLanguage\":\"cs\",\"potentialAction\":[{\"@type\":\"ReadAction\",\"target\":[\"https:\/\/www.terapiehanka.cz\/?page_id=96\"]}]},{\"@type\":\"ImageObject\",\"inLanguage\":\"cs\",\"@id\":\"https:\/\/www.terapiehanka.cz\/?page_id=96#primaryimage\",\"url\":\"https:\/\/www.terapiehanka.cz\/wp-content\/uploads\/2025\/11\/icon-email.png\",\"contentUrl\":\"https:\/\/www.terapiehanka.cz\/wp-content\/uploads\/2025\/11\/icon-email.png\"},{\"@type\":\"BreadcrumbList\",\"@id\":\"https:\/\/www.terapiehanka.cz\/?page_id=96#breadcrumb\",\"itemListElement\":[{\"@type\":\"ListItem\",\"position\":1,\"name\":\"Dom\u016f\",\"item\":\"https:\/\/www.terapiehanka.cz\/\"},{\"@type\":\"ListItem\",\"position\":2,\"name\":\"Cen\u00edk a podm\u00ednky\"}]},{\"@type\":\"WebSite\",\"@id\":\"https:\/\/www.terapiehanka.cz\/#website\",\"url\":\"https:\/\/www.terapiehanka.cz\/\",\"name\":\"Psychologick\u00e9 poradenstv\u00ed a terapie\",\"description\":\"Psychologick\u00e9 poradenstv\u00ed\",\"alternateName\":\"Hanka Hetlinger\",\"potentialAction\":[{\"@type\":\"SearchAction\",\"target\":{\"@type\":\"EntryPoint\",\"urlTemplate\":\"https:\/\/www.terapiehanka.cz\/?s={search_term_string}\"},\"query-input\":{\"@type\":\"PropertyValueSpecification\",\"valueRequired\":true,\"valueName\":\"search_term_string\"}}],\"inLanguage\":\"cs\"}]}<\/script>\n<!-- \/ Yoast SEO plugin. -->","yoast_head_json":{"title":"Cen\u00edk a podm\u00ednky - Psychologick\u00e9 poradenstv\u00ed a terapie","robots":{"index":"index","follow":"follow","max-snippet":"max-snippet:-1","max-image-preview":"max-image-preview:large","max-video-preview":"max-video-preview:-1"},"canonical":"https:\/\/www.terapiehanka.cz\/?page_id=96","og_locale":"cs_CZ","og_type":"article","og_title":"Cen\u00edk a podm\u00ednky - Psychologick\u00e9 poradenstv\u00ed a terapie","og_description":"platnost od 1. PROSINCE 2025 Psychologick\u00e9 poradenstv\u00ed&#8230;&#8230;&#8230;&#8230;&#8230;..1 200 K\u010d Psychologick\u00e9 poradenstv\u00ed online&#8230;&#8230;..900 K\u010d Individu\u00e1ln\u00ed terapie&#8230;&#8230;&#8230;&#8230;&#8230;&#8230;&#8230;&#8230;&#8230;&#8230;.1 200 K\u010d Individu\u00e1ln\u00ed terapie online&#8230;&#8230;&#8230;&#8230;&#8230;&#8230;&#8230;.900 K\u010d Firemn\u00ed vzd\u011bl\u00e1v\u00e1n\u00ed&#8230;&#8230;&#8230;&#8230;&#8230;&#8230;&#8230;&#8230;&#8230;&#8230;..individu\u00e1ln\u011b podle domluvy D\u00e9lka sezen\u00ed je 50 minut. Psychologick\u00e9 poradenstv\u00ed a terapie jsou poskytov\u00e1ny mimo oblast ve\u0159ejn\u00e9ho zdravotn\u00edho poji\u0161t\u011bn\u00ed. Sezen\u00ed je mo\u017en\u00e9 uskute\u010dnit jak osobn\u011b, tak i v online prost\u0159ed\u00ed. Pokud se nem\u016f\u017eete [&hellip;]","og_url":"https:\/\/www.terapiehanka.cz\/?page_id=96","og_site_name":"Psychologick\u00e9 poradenstv\u00ed a terapie","article_modified_time":"2025-12-12T06:40:29+00:00","og_image":[{"url":"https:\/\/www.terapiehanka.cz\/wp-content\/uploads\/2025\/11\/icon-email.png","type":"","width":"","height":""}],"twitter_card":"summary_large_image","twitter_misc":{"Odhadovan\u00e1 doba \u010dten\u00ed":"1 minuta"},"schema":{"@context":"https:\/\/schema.org","@graph":[{"@type":"WebPage","@id":"https:\/\/www.terapiehanka.cz\/?page_id=96","url":"https:\/\/www.terapiehanka.cz\/?page_id=96","name":"Cen\u00edk a podm\u00ednky - Psychologick\u00e9 poradenstv\u00ed a terapie","isPartOf":{"@id":"https:\/\/www.terapiehanka.cz\/#website"},"primaryImageOfPage":{"@id":"https:\/\/www.terapiehanka.cz\/?page_id=96#primaryimage"},"image":{"@id":"https:\/\/www.terapiehanka.cz\/?page_id=96#primaryimage"},"thumbnailUrl":"https:\/\/www.terapiehanka.cz\/wp-content\/uploads\/2025\/11\/icon-email.png","datePublished":"2025-11-02T20:08:23+00:00","dateModified":"2025-12-12T06:40:29+00:00","breadcrumb":{"@id":"https:\/\/www.terapiehanka.cz\/?page_id=96#breadcrumb"},"inLanguage":"cs","potentialAction":[{"@type":"ReadAction","target":["https:\/\/www.terapiehanka.cz\/?page_id=96"]}]},{"@type":"ImageObject","inLanguage":"cs","@id":"https:\/\/www.terapiehanka.cz\/?page_id=96#primaryimage","url":"https:\/\/www.terapiehanka.cz\/wp-content\/uploads\/2025\/11\/icon-email.png","contentUrl":"https:\/\/www.terapiehanka.cz\/wp-content\/uploads\/2025\/11\/icon-email.png"},{"@type":"BreadcrumbList","@id":"https:\/\/www.terapiehanka.cz\/?page_id=96#breadcrumb","itemListElement":[{"@type":"ListItem","position":1,"name":"Dom\u016f","item":"https:\/\/www.terapiehanka.cz\/"},{"@type":"ListItem","position":2,"name":"Cen\u00edk a podm\u00ednky"}]},{"@type":"WebSite","@id":"https:\/\/www.terapiehanka.cz\/#website","url":"https:\/\/www.terapiehanka.cz\/","name":"Psychologick\u00e9 poradenstv\u00ed a terapie","description":"Psychologick\u00e9 poradenstv\u00ed","alternateName":"Hanka Hetlinger","potentialAction":[{"@type":"SearchAction","target":{"@type":"EntryPoint","urlTemplate":"https:\/\/www.terapiehanka.cz\/?s={search_term_string}"},"query-input":{"@type":"PropertyValueSpecification","valueRequired":true,"valueName":"search_term_string"}}],"inLanguage":"cs"}]}},"_links":{"self":[{"href":"https:\/\/www.terapiehanka.cz\/index.php?rest_route=\/wp\/v2\/pages\/96","targetHints":{"allow":["GET"]}}],"collection":[{"href":"https:\/\/www.terapiehanka.cz\/index.php?rest_route=\/wp\/v2\/pages"}],"about":[{"href":"https:\/\/www.terapiehanka.cz\/index.php?rest_route=\/wp\/v2\/types\/page"}],"author":[{"embeddable":true,"href":"https:\/\/www.terapiehanka.cz\/index.php?rest_route=\/wp\/v2\/users\/1"}],"replies":[{"embeddable":true,"href":"https:\/\/www.terapiehanka.cz\/index.php?rest_route=%2Fwp%2Fv2%2Fcomments&post=96"}],"version-history":[{"count":27,"href":"https:\/\/www.terapiehanka.cz\/index.php?rest_route=\/wp\/v2\/pages\/96\/revisions"}],"predecessor-version":[{"id":185,"href":"https:\/\/www.terapiehanka.cz\/index.php?rest_route=\/wp\/v2\/pages\/96\/revisions\/185"}],"wp:attachment":[{"href":"https:\/\/www.terapiehanka.cz\/index.php?rest_route=%2Fwp%2Fv2%2Fmedia&parent=96"}],"curies":[{"name":"wp","href":"https:\/\/api.w.org\/{rel}","templated":true}]}}