{"id":126,"date":"2025-11-02T22:05:08","date_gmt":"2025-11-02T21:05:08","guid":{"rendered":"https:\/\/www.terapiehanka.cz\/?page_id=126"},"modified":"2026-02-17T20:52:57","modified_gmt":"2026-02-17T19:52:57","slug":"kontakt","status":"publish","type":"page","link":"https:\/\/www.terapiehanka.cz\/?page_id=126","title":{"rendered":"Kontakt"},"content":{"rendered":"\n<div class=\"wp-block-group alignfull is-layout-flow wp-block-group-is-layout-flow\">\n<div class=\"wp-block-group alignfull has-global-padding is-layout-constrained wp-container-core-group-is-layout-3af251ef wp-block-group-is-layout-constrained\" style=\"padding-top:var(--wp--preset--spacing--superbspacing-xxlarge);padding-right:var(--wp--preset--spacing--superbspacing-medium);padding-bottom:var(--wp--preset--spacing--superbspacing-xxlarge);padding-left:var(--wp--preset--spacing--superbspacing-medium)\">\n<div class=\"wp-block-columns alignwide is-layout-flex wp-container-core-columns-is-layout-83cf590f wp-block-columns-is-layout-flex\">\n<div class=\"wp-block-column is-vertically-aligned-center is-layout-flow wp-container-core-column-is-layout-30be4402 wp-block-column-is-layout-flow\">\n<div class=\"wp-block-group has-global-padding is-layout-constrained wp-container-core-group-is-layout-d598ad9d wp-block-group-is-layout-constrained\">\n<h2 class=\"wp-block-heading has-text-align-left has-primary-color has-text-color has-superbfont-xxsmall-font-size\" style=\"font-style:normal;font-weight:700;letter-spacing:5px;text-transform:uppercase\">kontaktujte m\u011b   <\/h2>\n\n\n\n<h3 class=\"wp-block-heading has-text-align-left has-contrast-color has-text-color has-superbfont-xlarge-font-size\"><\/h3>\n\n\n\n<p class=\"has-text-align-left has-secondary-color has-text-color has-superbfont-small-font-size\">Mgr. Hana Hetlinger<br>I\u010c 11842814<br>\u010d. \u00fa. 2110669935\/2700<\/p>\n<\/div>\n\n\n\n<div class=\"wp-block-group has-global-padding is-layout-constrained wp-container-core-group-is-layout-85cc789f wp-block-group-is-layout-constrained\">\n<div class=\"wp-block-group has-base-background-color has-background is-nowrap is-layout-flex wp-container-core-group-is-layout-542cf22d wp-block-group-is-layout-flex\" style=\"border-style:none;border-width:0px;border-radius:0px;padding-top:0;padding-right:0;padding-bottom:0;padding-left:0\">\n<figure class=\"wp-block-image aligncenter size-large is-resized\"><img decoding=\"async\" src=\"https:\/\/www.terapiehanka.cz\/wp-content\/uploads\/2025\/11\/icon-email.png\" alt=\"\" style=\"width:32px;height:32px\"\/><\/figure>\n\n\n\n<p class=\"has-superbfont-small-font-size\"><a href=\"mailto:objednani@terapiehanka.cz\">objednani@terapiehanka.cz<\/a><\/p>\n<\/div>\n\n\n\n<div class=\"wp-block-group has-base-background-color has-background is-nowrap is-layout-flex wp-container-core-group-is-layout-542cf22d wp-block-group-is-layout-flex\" style=\"border-style:none;border-width:0px;border-radius:0px;padding-top:0;padding-right:0;padding-bottom:0;padding-left:0\">\n<figure class=\"wp-block-image aligncenter size-large is-resized\"><img decoding=\"async\" src=\"https:\/\/www.terapiehanka.cz\/wp-content\/uploads\/2025\/11\/icon-phone-call.png\" alt=\"\" style=\"width:32px;height:32px\"\/><\/figure>\n\n\n\n<p class=\"has-superbfont-small-font-size\">+420 606 618 752<\/p>\n<\/div>\n\n\n\n<div class=\"wp-block-group has-base-background-color has-background is-nowrap is-layout-flex wp-container-core-group-is-layout-1350ce0e wp-block-group-is-layout-flex\" style=\"border-style:none;border-width:0px;border-radius:0px;padding-top:0;padding-right:0;padding-bottom:0;padding-left:0\">\n<figure class=\"wp-block-image aligncenter size-large is-resized\"><img decoding=\"async\" src=\"https:\/\/www.terapiehanka.cz\/wp-content\/uploads\/2025\/11\/icon-push-pin-simple.png\" alt=\"\" style=\"width:32px;height:32px\"\/><\/figure>\n\n\n\n<p class=\"has-superbfont-small-font-size\"><a href=\"https:\/\/mapy.com\/cs\/turisticka?source=addr&amp;id=8943440&amp;ds=1&amp;x=14.4578268&amp;y=50.0864625&amp;z=17\">Terapeutovna \u00dasm\u011bv m\u00e1my, z.s.<br>Blahoslavova 227\/2<br>Praha 3 &#8211; \u017di\u017ekov, 130 00<\/a><\/p>\n<\/div>\n<\/div>\n<\/div>\n\n\n\n<div class=\"wp-block-column is-vertically-aligned-center is-layout-flow wp-container-core-column-is-layout-40a2a7e8 wp-block-column-is-layout-flow\" style=\"padding-right:0;padding-bottom:0;padding-left:0\">\n<div class=\"wp-block-columns is-layout-flex wp-container-core-columns-is-layout-28f84493 wp-block-columns-is-layout-flex\">\n<div class=\"wp-block-column is-layout-flow wp-block-column-is-layout-flow\" style=\"flex-basis:100%\">\n<figure class=\"wp-block-image size-full\"><img loading=\"lazy\" decoding=\"async\" width=\"725\" height=\"487\" src=\"https:\/\/www.terapiehanka.cz\/wp-content\/uploads\/2026\/02\/mapa.jpg\" alt=\"\" class=\"wp-image-203\" srcset=\"https:\/\/www.terapiehanka.cz\/wp-content\/uploads\/2026\/02\/mapa.jpg 725w, https:\/\/www.terapiehanka.cz\/wp-content\/uploads\/2026\/02\/mapa-300x202.jpg 300w\" sizes=\"auto, (max-width: 725px) 100vw, 725px\" \/><\/figure>\n<\/div>\n<\/div>\n<\/div>\n<\/div>\n<\/div>\n<\/div>\n","protected":false},"excerpt":{"rendered":"<p>kontaktujte m\u011b Mgr. Hana HetlingerI\u010c 11842814\u010d. \u00fa. 2110669935\/2700 objednani@terapiehanka.cz +420 606 618 752 Terapeutovna \u00dasm\u011bv m\u00e1my, z.s.Blahoslavova 227\/2Praha 3 &#8211; \u017di\u017ekov, 130 00<\/p>\n","protected":false},"author":1,"featured_media":0,"parent":0,"menu_order":0,"comment_status":"closed","ping_status":"closed","template":"","meta":{"footnotes":""},"class_list":["post-126","page","type-page","status-publish","hentry"],"yoast_head":"<!-- This site is optimized with the Yoast SEO plugin v26.5 - https:\/\/yoast.com\/wordpress\/plugins\/seo\/ -->\n<title>Kontakt - Psychologick\u00e9 poradenstv\u00ed a terapie<\/title>\n<meta name=\"robots\" content=\"index, follow, max-snippet:-1, max-image-preview:large, max-video-preview:-1\" \/>\n<link rel=\"canonical\" href=\"https:\/\/www.terapiehanka.cz\/?page_id=126\" \/>\n<meta property=\"og:locale\" content=\"cs_CZ\" \/>\n<meta property=\"og:type\" content=\"article\" \/>\n<meta property=\"og:title\" content=\"Kontakt - Psychologick\u00e9 poradenstv\u00ed a terapie\" \/>\n<meta property=\"og:description\" content=\"kontaktujte m\u011b Mgr. Hana HetlingerI\u010c 11842814\u010d. \u00fa. 2110669935\/2700 objednani@terapiehanka.cz +420 606 618 752 Terapeutovna \u00dasm\u011bv m\u00e1my, z.s.Blahoslavova 227\/2Praha 3 &#8211; \u017di\u017ekov, 130 00\" \/>\n<meta property=\"og:url\" content=\"https:\/\/www.terapiehanka.cz\/?page_id=126\" \/>\n<meta property=\"og:site_name\" content=\"Psychologick\u00e9 poradenstv\u00ed a terapie\" \/>\n<meta property=\"article:modified_time\" content=\"2026-02-17T19:52:57+00:00\" \/>\n<meta property=\"og:image\" content=\"https:\/\/www.terapiehanka.cz\/wp-content\/uploads\/2025\/11\/icon-email.png\" \/>\n<meta name=\"twitter:card\" content=\"summary_large_image\" \/>\n<meta name=\"twitter:label1\" content=\"Odhadovan\u00e1 doba \u010dten\u00ed\" \/>\n\t<meta name=\"twitter:data1\" content=\"1 minuta\" \/>\n<script type=\"application\/ld+json\" class=\"yoast-schema-graph\">{\"@context\":\"https:\/\/schema.org\",\"@graph\":[{\"@type\":\"WebPage\",\"@id\":\"https:\/\/www.terapiehanka.cz\/?page_id=126\",\"url\":\"https:\/\/www.terapiehanka.cz\/?page_id=126\",\"name\":\"Kontakt - Psychologick\u00e9 poradenstv\u00ed a terapie\",\"isPartOf\":{\"@id\":\"https:\/\/www.terapiehanka.cz\/#website\"},\"primaryImageOfPage\":{\"@id\":\"https:\/\/www.terapiehanka.cz\/?page_id=126#primaryimage\"},\"image\":{\"@id\":\"https:\/\/www.terapiehanka.cz\/?page_id=126#primaryimage\"},\"thumbnailUrl\":\"https:\/\/www.terapiehanka.cz\/wp-content\/uploads\/2025\/11\/icon-email.png\",\"datePublished\":\"2025-11-02T21:05:08+00:00\",\"dateModified\":\"2026-02-17T19:52:57+00:00\",\"breadcrumb\":{\"@id\":\"https:\/\/www.terapiehanka.cz\/?page_id=126#breadcrumb\"},\"inLanguage\":\"cs\",\"potentialAction\":[{\"@type\":\"ReadAction\",\"target\":[\"https:\/\/www.terapiehanka.cz\/?page_id=126\"]}]},{\"@type\":\"ImageObject\",\"inLanguage\":\"cs\",\"@id\":\"https:\/\/www.terapiehanka.cz\/?page_id=126#primaryimage\",\"url\":\"https:\/\/www.terapiehanka.cz\/wp-content\/uploads\/2025\/11\/icon-email.png\",\"contentUrl\":\"https:\/\/www.terapiehanka.cz\/wp-content\/uploads\/2025\/11\/icon-email.png\"},{\"@type\":\"BreadcrumbList\",\"@id\":\"https:\/\/www.terapiehanka.cz\/?page_id=126#breadcrumb\",\"itemListElement\":[{\"@type\":\"ListItem\",\"position\":1,\"name\":\"Dom\u016f\",\"item\":\"https:\/\/www.terapiehanka.cz\/\"},{\"@type\":\"ListItem\",\"position\":2,\"name\":\"Kontakt\"}]},{\"@type\":\"WebSite\",\"@id\":\"https:\/\/www.terapiehanka.cz\/#website\",\"url\":\"https:\/\/www.terapiehanka.cz\/\",\"name\":\"Psychologick\u00e9 poradenstv\u00ed a terapie\",\"description\":\"Psychologick\u00e9 poradenstv\u00ed\",\"alternateName\":\"Hanka Hetlinger\",\"potentialAction\":[{\"@type\":\"SearchAction\",\"target\":{\"@type\":\"EntryPoint\",\"urlTemplate\":\"https:\/\/www.terapiehanka.cz\/?s={search_term_string}\"},\"query-input\":{\"@type\":\"PropertyValueSpecification\",\"valueRequired\":true,\"valueName\":\"search_term_string\"}}],\"inLanguage\":\"cs\"}]}<\/script>\n<!-- \/ Yoast SEO plugin. -->","yoast_head_json":{"title":"Kontakt - Psychologick\u00e9 poradenstv\u00ed a terapie","robots":{"index":"index","follow":"follow","max-snippet":"max-snippet:-1","max-image-preview":"max-image-preview:large","max-video-preview":"max-video-preview:-1"},"canonical":"https:\/\/www.terapiehanka.cz\/?page_id=126","og_locale":"cs_CZ","og_type":"article","og_title":"Kontakt - Psychologick\u00e9 poradenstv\u00ed a terapie","og_description":"kontaktujte m\u011b Mgr. Hana HetlingerI\u010c 11842814\u010d. \u00fa. 2110669935\/2700 objednani@terapiehanka.cz +420 606 618 752 Terapeutovna \u00dasm\u011bv m\u00e1my, z.s.Blahoslavova 227\/2Praha 3 &#8211; \u017di\u017ekov, 130 00","og_url":"https:\/\/www.terapiehanka.cz\/?page_id=126","og_site_name":"Psychologick\u00e9 poradenstv\u00ed a terapie","article_modified_time":"2026-02-17T19:52:57+00:00","og_image":[{"url":"https:\/\/www.terapiehanka.cz\/wp-content\/uploads\/2025\/11\/icon-email.png","type":"","width":"","height":""}],"twitter_card":"summary_large_image","twitter_misc":{"Odhadovan\u00e1 doba \u010dten\u00ed":"1 minuta"},"schema":{"@context":"https:\/\/schema.org","@graph":[{"@type":"WebPage","@id":"https:\/\/www.terapiehanka.cz\/?page_id=126","url":"https:\/\/www.terapiehanka.cz\/?page_id=126","name":"Kontakt - Psychologick\u00e9 poradenstv\u00ed a terapie","isPartOf":{"@id":"https:\/\/www.terapiehanka.cz\/#website"},"primaryImageOfPage":{"@id":"https:\/\/www.terapiehanka.cz\/?page_id=126#primaryimage"},"image":{"@id":"https:\/\/www.terapiehanka.cz\/?page_id=126#primaryimage"},"thumbnailUrl":"https:\/\/www.terapiehanka.cz\/wp-content\/uploads\/2025\/11\/icon-email.png","datePublished":"2025-11-02T21:05:08+00:00","dateModified":"2026-02-17T19:52:57+00:00","breadcrumb":{"@id":"https:\/\/www.terapiehanka.cz\/?page_id=126#breadcrumb"},"inLanguage":"cs","potentialAction":[{"@type":"ReadAction","target":["https:\/\/www.terapiehanka.cz\/?page_id=126"]}]},{"@type":"ImageObject","inLanguage":"cs","@id":"https:\/\/www.terapiehanka.cz\/?page_id=126#primaryimage","url":"https:\/\/www.terapiehanka.cz\/wp-content\/uploads\/2025\/11\/icon-email.png","contentUrl":"https:\/\/www.terapiehanka.cz\/wp-content\/uploads\/2025\/11\/icon-email.png"},{"@type":"BreadcrumbList","@id":"https:\/\/www.terapiehanka.cz\/?page_id=126#breadcrumb","itemListElement":[{"@type":"ListItem","position":1,"name":"Dom\u016f","item":"https:\/\/www.terapiehanka.cz\/"},{"@type":"ListItem","position":2,"name":"Kontakt"}]},{"@type":"WebSite","@id":"https:\/\/www.terapiehanka.cz\/#website","url":"https:\/\/www.terapiehanka.cz\/","name":"Psychologick\u00e9 poradenstv\u00ed a terapie","description":"Psychologick\u00e9 poradenstv\u00ed","alternateName":"Hanka Hetlinger","potentialAction":[{"@type":"SearchAction","target":{"@type":"EntryPoint","urlTemplate":"https:\/\/www.terapiehanka.cz\/?s={search_term_string}"},"query-input":{"@type":"PropertyValueSpecification","valueRequired":true,"valueName":"search_term_string"}}],"inLanguage":"cs"}]}},"_links":{"self":[{"href":"https:\/\/www.terapiehanka.cz\/index.php?rest_route=\/wp\/v2\/pages\/126","targetHints":{"allow":["GET"]}}],"collection":[{"href":"https:\/\/www.terapiehanka.cz\/index.php?rest_route=\/wp\/v2\/pages"}],"about":[{"href":"https:\/\/www.terapiehanka.cz\/index.php?rest_route=\/wp\/v2\/types\/page"}],"author":[{"embeddable":true,"href":"https:\/\/www.terapiehanka.cz\/index.php?rest_route=\/wp\/v2\/users\/1"}],"replies":[{"embeddable":true,"href":"https:\/\/www.terapiehanka.cz\/index.php?rest_route=%2Fwp%2Fv2%2Fcomments&post=126"}],"version-history":[{"count":5,"href":"https:\/\/www.terapiehanka.cz\/index.php?rest_route=\/wp\/v2\/pages\/126\/revisions"}],"predecessor-version":[{"id":205,"href":"https:\/\/www.terapiehanka.cz\/index.php?rest_route=\/wp\/v2\/pages\/126\/revisions\/205"}],"wp:attachment":[{"href":"https:\/\/www.terapiehanka.cz\/index.php?rest_route=%2Fwp%2Fv2%2Fmedia&parent=126"}],"curies":[{"name":"wp","href":"https:\/\/api.w.org\/{rel}","templated":true}]}}